{"id":2320,"date":"2015-11-20T10:10:38","date_gmt":"2015-11-20T09:10:38","guid":{"rendered":"http:\/\/localhost\/tt\/wordpress\/nominee\/?page_id=2320"},"modified":"2018-06-15T10:37:46","modified_gmt":"2018-06-15T09:37:46","slug":"accueil","status":"publish","type":"page","link":"https:\/\/benhamouda.com\/en\/","title":{"rendered":"Accueil"},"content":{"rendered":"<p>[vc_row][vc_column][rev_slider_vc alias=&#8221;home-slide&#8221;][\/vc_column][\/vc_row][vc_row css=&#8221;.vc_custom_1485386609483{margin-bottom: 0px !important;padding-top: 140px !important;padding-bottom: 60px !important;background-color: #f7f7f7 !important;}&#8221;][vc_column width=&#8221;1\/4&#8243;][tt_spotlight_block show_button=&#8221;yes&#8221; button_text=&#8221;La suite&#8221; image=&#8221;4068&#8243; title=&#8221;Enfance&#8221; custom_link=&#8221;url:%2Fenfance%2F|title:Enfance||&#8221; subtitle=&#8221;L\u2019enfance de Benhamouda&#8221;]Abdelhak a pris le relais avec sa m\u00e8re pour subvenir aux besoins de la famille.[\/tt_spotlight_block][\/vc_column][vc_column width=&#8221;1\/4&#8243;][tt_spotlight_block show_button=&#8221;yes&#8221; button_text=&#8221;La suite&#8221; image=&#8221;4079&#8243; title=&#8221;1966-1990&#8243; custom_link=&#8221;url:%2Fengagement-syndical%2F|title:engagement%20syndical||&#8221; subtitle=&#8221;Son engagement syndical&#8221;]C\u2019est \u00e0 Zeghaia que Benhamouda lan\u00e7a sa 1\u00e8re gr\u00e8ve contestatrice et revendicatrice&#8230;[\/tt_spotlight_block][\/vc_column][vc_column width=&#8221;1\/4&#8243;][tt_spotlight_block show_button=&#8221;yes&#8221; button_text=&#8221;La suite&#8221; image=&#8221;4080&#8243; title=&#8221;Anti-terrorisme&#8221; custom_link=&#8221;url:%2Fle-terrorisme%2F|title:Anti%20terrorism||&#8221; subtitle=&#8221;Son combat contre le terrorisme&#8221;]Les pressions augment\u00e8rent et pass\u00e8rent \u00e0 l\u2019\u00e9tape de menaces puis \u00e0 celles d\u2019agressions physiques\u2026[\/tt_spotlight_block][\/vc_column][vc_column width=&#8221;1\/4&#8243;][tt_spotlight_block show_button=&#8221;yes&#8221; button_text=&#8221;La suite&#8221; image=&#8221;4081&#8243; title=&#8221;1990-1997&#8243; custom_link=&#8221;url:%2F1990-1997%2F|title:Son%20parcours%20a%20la%20t%C3%AAte%20de%20l%E2%80%99UGTA||&#8221; subtitle=&#8221;Son parcours a la t\u00eate de l\u2019UGTA&#8221;]La revendication syndicale en parall\u00e8le \u00e0 sa lutte pour l\u2019\u00e9dification de l\u2019\u00e9tat de droit et de d\u00e9mocratie\u2026[\/tt_spotlight_block][\/vc_column][\/vc_row][vc_row css=&#8221;.vc_custom_1485386580978{margin-bottom: 0px !important;padding-top: 50px !important;padding-bottom: 120px !important;background-color: #f7f7f7 !important;}&#8221;][vc_column width=&#8221;1\/4&#8243;][tt_spotlight_block show_button=&#8221;yes&#8221; button_text=&#8221;La suite&#8221; image=&#8221;3611&#8243; title=&#8221;International&#8221; custom_link=&#8221;url:%2FInternational%2F|title:Son%20combat%20%C3%A0%20l%E2%80%99international||&#8221; subtitle=&#8221;Son parcours sur le plan international&#8221;]Benhamouda a compris tr\u00e8s t\u00f4t que la mondialisation avait une incidence directe sur l\u2019\u00e9conomie\u2026[\/tt_spotlight_block][\/vc_column][vc_column width=&#8221;1\/4&#8243;][tt_spotlight_block show_button=&#8221;yes&#8221; button_text=&#8221;La suite&#8221; image=&#8221;4067&#8243; title=&#8221;Assassinat&#8221; custom_link=&#8221;url:%2Fson-assassinat%2F|title:Assassinat||&#8221; subtitle=&#8221;Son r\u00eave politique et son assassinat&#8221;]Ce jour-l\u00e0, Benhamouda ne reverra plus les siens. Le soir \u00e0 la rupture du je\u00fbne, il ne go\u00fbtera plus\u2026[\/tt_spotlight_block][\/vc_column][vc_column width=&#8221;1\/4&#8243;][tt_spotlight_block show_button=&#8221;yes&#8221; button_text=&#8221;La suite&#8221; image=&#8221;4063&#8243; title=&#8221;T\u00e9moignage&#8221; custom_link=&#8221;url:%2Fdocuments%2F|title:Documents||&#8221; subtitle=&#8221;T\u00e9moignages des syndicalistes &#8220;]Retrouvez ici des t\u00e9moignages des syndicalistes alg\u00e9rien et \u00e0 travers le monde.[\/tt_spotlight_block][\/vc_column][vc_column width=&#8221;1\/4&#8243;][tt_spotlight_block show_button=&#8221;yes&#8221; button_text=&#8221;La suite&#8221; image=&#8221;4061&#8243; title=&#8221;Documents\/Presse&#8221; custom_link=&#8221;url:https%3A%2F%2Fbenhamouda.com%2Fpress%2F|title:Press||&#8221; subtitle=&#8221;Presse, documents et nous contacter&#8221;]Articles de press et archive de documents cocernant le travail de Abdelhak Benhamouda sur et la page pour nous contacter.[\/tt_spotlight_block][\/vc_column][\/vc_row][vc_row disable_element=&#8221;yes&#8221; css=&#8221;.vc_custom_1485388690177{margin-bottom: 0px !important;padding-top: 126px !important;padding-bottom: 102px !important;}&#8221;][vc_column][tt_section_title title_alignment=&#8221;text-center&#8221; section_separator=&#8221;yes&#8221; title=&#8221;Our mission and &#8211; vision&#8221;]Collaboratively disseminate wireless innovation with standards compliant e-business.<br \/>\nPhosfluorescently expedite functional products via premium action items.[\/tt_section_title][vc_row_inner css=&#8221;.vc_custom_1447174641155{margin-bottom: 50px !important;}&#8221;][vc_column_inner width=&#8221;1\/3&#8243;][tt_icon_block show_icon=&#8221;yes&#8221; icon_type=&#8221;flat-icon&#8221; icon_position=&#8221;icon-position-left&#8221; flat_icon=&#8221;flaticon-house121&#8243; title=&#8221;Economic&#8221;]Efficiently orchestrate resource sucking human capital whereas future-proof outsourcing. Credibly actualize one-to-one meta-services.[\/tt_icon_block][\/vc_column_inner][vc_column_inner width=&#8221;1\/3&#8243;][tt_icon_block show_icon=&#8221;yes&#8221; icon_type=&#8221;flat-icon&#8221; icon_position=&#8221;icon-position-left&#8221; flat_icon=&#8221;flaticon-lifeline5&#8243; title=&#8221;Medical&#8221;]Seamlessly redefine standards compliant ROI for seamless web-readiness. Collaboratively transition sticky testing procedures.[\/tt_icon_block][\/vc_column_inner][vc_column_inner width=&#8221;1\/3&#8243;][tt_icon_block show_icon=&#8221;yes&#8221; icon_type=&#8221;flat-icon&#8221; icon_position=&#8221;icon-position-left&#8221; flat_icon=&#8221;flaticon-share11&#8243; title=&#8221;Social&#8221;]Continually foster inexpensive systems with principle-centered value. Interactively matrix cross-media methods of empowerment without fully[\/tt_icon_block][\/vc_column_inner][\/vc_row_inner][vc_row_inner css=&#8221;.vc_custom_1447174648075{margin-bottom: 0px !important;}&#8221;][vc_column_inner width=&#8221;1\/3&#8243;][tt_icon_block show_icon=&#8221;yes&#8221; icon_type=&#8221;flat-icon&#8221; icon_position=&#8221;icon-position-left&#8221; flat_icon=&#8221;flaticon-earth206&#8243; title=&#8221;Foreign policy&#8221;]Monotonically provide access to superior outsourcing after cross-media convergence. Interactively incentivize open source[\/tt_icon_block][\/vc_column_inner][vc_column_inner width=&#8221;1\/3&#8243;][tt_icon_block show_icon=&#8221;yes&#8221; icon_type=&#8221;flat-icon&#8221; icon_position=&#8221;icon-position-left&#8221; flat_icon=&#8221;flaticon-graduate37&#8243; title=&#8221;Education&#8221;]Efficiently orchestrate resource sucking human capital whereas future-proof outsourcing. Credibly actualize one-to-one meta-services.[\/tt_icon_block][\/vc_column_inner][vc_column_inner width=&#8221;1\/3&#8243;][tt_icon_block show_icon=&#8221;yes&#8221; icon_type=&#8221;flat-icon&#8221; icon_position=&#8221;icon-position-left&#8221; flat_icon=&#8221;flaticon-home166&#8243; title=&#8221;Family&#8221;]Efficiently implement user-centric paradigms for cross-media relationships. Authoritatively productive turnkey functionalities.[\/tt_icon_block][\/vc_column_inner][\/vc_row_inner][\/vc_column][\/vc_row][vc_row overlay_color=&#8221;yes&#8221; css=&#8221;.vc_custom_1495112458059{margin-bottom: 0px !important;background-image: url(https:\/\/benhamouda.com\/wp-content\/uploads\/2015\/11\/internationale.jpg?id=3658) !important;background-position: center !important;background-repeat: no-repeat !important;background-size: cover !important;}&#8221; el_class=&#8221;overflow-hidden&#8221;][vc_column offset=&#8221;vc_col-md-6 vc_hidden-sm vc_hidden-xs&#8221;][\/vc_column][vc_column css=&#8221;.vc_custom_1453227646256{padding-top: 140px !important;padding-bottom: 70px !important;}&#8221; offset=&#8221;vc_col-md-6&#8243;][vc_custom_heading text=&#8221;Pour que vive l&#8217;Algerie, Abdelhak Benhamouda sur tous les fronts&#8221; font_container=&#8221;tag:h2|text_align:left|color:%23ffffff&#8221; google_fonts=&#8221;font_family:Roboto%20Slab%3A100%2C300%2Cregular%2C700|font_style:700%20bold%20regular%3A700%3Anormal&#8221; css=&#8221;.vc_custom_1485556513652{margin-bottom: 25px !important;}&#8221;][vc_column_text el_class=&#8221;white-text&#8221;]<strong>Les slogans ne nourrissent pas les masses, les discours ne les h\u00e9bergent pas et les fatwas ne les habillent pas. Rien ne se donne, tout s\u2019arrache, m\u00eame les plus \u00e9l\u00e9mentaires des droits<\/strong>[\/vc_column_text][\/vc_column][\/vc_row][vc_row disable_element=&#8221;yes&#8221; css=&#8221;.vc_custom_1485388995607{margin-bottom: 0px !important;padding-top: 125px !important;}&#8221;][vc_column][tt_section_title title_alignment=&#8221;text-center&#8221; section_separator=&#8221;no&#8221; title=&#8221;Our &#8211; abilities&#8221;]Collaboratively disseminate wireless innovation with standards compliant e-business.<br \/>\nPhosfluorescently expedite functional products via premium action items.[\/tt_section_title][\/vc_column][\/vc_row][vc_row disable_element=&#8221;yes&#8221; css=&#8221;.vc_custom_1485388714918{margin-bottom: 0px !important;padding-bottom: 75px !important;}&#8221;][vc_column width=&#8221;1\/2&#8243;][vc_tta_accordion shape=&#8221;square&#8221; color=&#8221;white&#8221; c_position=&#8221;right&#8221; active_section=&#8221;1&#8243;][vc_tta_section title=&#8221;Serving a Higher Cause&#8221; tab_id=&#8221;1453751019935-88dfe62f-e7d9&#8243;][vc_column_text]Rapidiously enhance tactical testing procedures via adaptive synergy. Interactively plagiarize holistic materials rather than user-friendly infomediaries.[\/vc_column_text][\/vc_tta_section][vc_tta_section title=&#8221;Sincerity and Conviction&#8221; tab_id=&#8221;1453751020255-9347ce01-f2f2&#8243;][vc_column_text]Collaboratively disseminate wireless innovation with standards compliant e-business. Phosfluorescently expedite functional products via premium action items.[\/vc_column_text][\/vc_tta_section][vc_tta_section title=&#8221;Morality &amp; Pcourage&#8221; tab_id=&#8221;1453751108999-5a4492f5-3c1b&#8221;][vc_column_text]Collaboratively disseminate wireless innovation with standards compliant e-business. Phosfluorescently expedite functional products via premium action items.[\/vc_column_text][\/vc_tta_section][\/vc_tta_accordion][\/vc_column][vc_column width=&#8221;1\/2&#8243;][vc_column_text css=&#8221;.vc_custom_1453752116900{margin-bottom: 65px !important;}&#8221;]How can we get our country back on track? How to preserve our Constitution and get people value and honor it? All this core questions have been evolving in our minds for years.[\/vc_column_text][vc_progress_bar values=&#8221;%5B%7B%22label%22%3A%22Public%20Administration%22%2C%22value%22%3A%2295%22%2C%22color%22%3A%22custom%22%2C%22customcolor%22%3A%22%23ef4836%22%7D%2C%7B%22label%22%3A%22Human%20Rights%22%2C%22value%22%3A%2290%22%2C%22color%22%3A%22custom%22%2C%22customcolor%22%3A%22%23ef4836%22%7D%2C%7B%22label%22%3A%22International%20Relations%22%2C%22value%22%3A%2285%22%2C%22color%22%3A%22custom%22%2C%22customcolor%22%3A%22%23ef4836%22%7D%5D&#8221; units=&#8221;%&#8221;][\/vc_column][\/vc_row][vc_row parallax=&#8221;content-moving&#8221; parallax_image=&#8221;3280&#8243; disable_element=&#8221;yes&#8221; overlay_color=&#8221;yes&#8221; full_width=&#8221;stretch_row&#8221; css=&#8221;.vc_custom_1485388800097{margin-bottom: 0px !important;padding-top: 100px !important;padding-bottom: 100px !important;}&#8221;][vc_column][tt_section_title title_alignment=&#8221;text-center&#8221; title_color_option=&#8221;custom-color&#8221; section_separator=&#8221;no&#8221; title=&#8221;Some of our &#8211; achievement&#8221; title_color=&#8221;#ffffff&#8221;][\/tt_section_title][tt_archivements][tt_archivement show_icon=&#8221;yes&#8221; icon_option=&#8221;fonticon&#8221; font_icon=&#8221;flaticon-medal47&#8243; title=&#8221;Business book of the year award 2015&#8243;]Enthusiastically synthesize open-source e-business via intuitive channels. Credibly synthesize stand-alone outsourcing and process-centric leadership skills.[\/tt_archivement][tt_archivement show_icon=&#8221;yes&#8221; icon_option=&#8221;fonticon&#8221; font_icon=&#8221;flaticon-medal47&#8243; title=&#8221;Business book of the year award 2014&#8243;]Enthusiastically synthesize open-source e-business via intuitive channels. Credibly synthesize stand-alone outsourcing and process-centric leadership skills.[\/tt_archivement][tt_archivement show_icon=&#8221;yes&#8221; icon_option=&#8221;fonticon&#8221; font_icon=&#8221;flaticon-medal47&#8243; title=&#8221;Business book of the year award 2013&#8243;]Enthusiastically synthesize open-source e-business via intuitive channels. Credibly synthesize stand-alone outsourcing and process-centric leadership skills.[\/tt_archivement][\/tt_archivements][\/vc_column][\/vc_row][vc_row disable_element=&#8221;yes&#8221; css=&#8221;.vc_custom_1485388741167{margin-bottom: 0px !important;padding-top: 125px !important;}&#8221;][vc_column][tt_section_title title_alignment=&#8221;text-center&#8221; section_separator=&#8221;yes&#8221; title=&#8221;Upcoming &#8211; Campaign&#8221;]Collaboratively disseminate wireless innovation with standards compliant e-business.<br \/>\nPhosfluorescently expedite functional products via premium action items.[\/tt_section_title][\/vc_column][\/vc_row][vc_row disable_element=&#8221;yes&#8221; css=&#8221;.vc_custom_1485388750335{margin-bottom: 0px !important;padding-bottom: 90px !important;}&#8221;][vc_column offset=&#8221;vc_col-md-6&#8243;][tt_featured_event event_lists=&#8221;205&#8243;][\/vc_column][vc_column offset=&#8221;vc_col-md-6&#8243;][tt_upcoming_event event_limit=&#8221;4&#8243; start_event_month=&#8221;01&#8243; end_event_month=&#8221;12&#8243; event_year=&#8221;2016&#8243; grid_column=&#8221;6&#8243;][\/vc_column][\/vc_row][vc_row section_content_width=&#8221;container-fullwidth&#8221; parallax=&#8221;content-moving&#8221; disable_element=&#8221;yes&#8221; overlay_color=&#8221;yes&#8221; full_width=&#8221;stretch_row_content_no_spaces&#8221; css=&#8221;.vc_custom_1485388773104{margin-bottom: 0px !important;padding-top: 110px !important;padding-bottom: 100px !important;background-image: url(http:\/\/trendytheme.net\/demo\/wp\/nominee\/wp-content\/uploads\/2015\/11\/volunteer-bg.jpg?id=2960) !important;background-position: center;background-repeat: no-repeat;background-size:cover;}&#8221; el_class=&#8221;text-center&#8221;][vc_column][tt_section_title title_alignment=&#8221;text-center&#8221; title_color_option=&#8221;custom-color&#8221; section_separator=&#8221;yes&#8221; title=&#8221;Contribute &#8211; for Us&#8221; title_color=&#8221;#ffffff&#8221; css=&#8221;.vc_custom_1453830178770{margin-bottom: 40px !important;}&#8221;][\/tt_section_title][vc_column_text el_class=&#8221;white-text&#8221; css=&#8221;.vc_custom_1452794709773{margin-bottom: 48px !important;}&#8221;]<\/p>\n<p style=\"text-align: center;\">Conveniently disseminate quality niche markets after just in time results. Seamlessly exploit synergistic technologies whereas<br \/>\ncustomer directed &#8220;outside the box&#8221; thinking. Conveniently revolutionize resource sucking schemas vis-a-vis equity invested<br \/>\nsources. technologies whereas customer directed \u00a0invested sources.<\/p>\n<p>[\/vc_column_text][vc_btn title=&#8221;Become A Volunteer&#8221; style=&#8221;custom&#8221; custom_background=&#8221;#ef4836&#8243; custom_text=&#8221;#ffffff&#8221; shape=&#8221;square&#8221; link=&#8221;url:http%3A%2F%2Ftrendytheme.net%2Fdemo2%2Fwp%2Fnominee%2Fvolunteer%2F||&#8221; css=&#8221;.vc_custom_1455989242286{margin-right: 8px !important;margin-left: 8px !important;}&#8221;][vc_btn title=&#8221;Donate For Us&#8221; style=&#8221;custom&#8221; custom_background=&#8221;#ffffff&#8221; custom_text=&#8221;#ef4836&#8243; shape=&#8221;square&#8221; link=&#8221;url:http%3A%2F%2Ftrendytheme.net%2Fdemo2%2Fwp%2Fnominee%2Fdonate%2F||&#8221; css=&#8221;.vc_custom_1455989253798{margin-right: 8px !important;margin-left: 8px !important;}&#8221;][\/vc_column][\/vc_row][vc_row disable_element=&#8221;yes&#8221; full_width=&#8221;stretch_row&#8221; css=&#8221;.vc_custom_1485612571571{margin-bottom: 0px !important;padding-top: 125px !important;padding-bottom: 120px !important;background-color: #f4f4f4 !important;}&#8221;][vc_column][tt_section_title 1=&#8221;&#8221; 2=&#8221;class=&#8220;&#8220;colored&#8220;&#8220;&gt;nouvelles&#8220;&#8221; title_alignment=&#8221;text-center&#8221; section_separator=&#8221;yes&#8221;][\/tt_section_title][tt_latest_post post_limit=&#8221;3&#8243; grid_column=&#8221;4&#8243; word_limit=&#8221;15&#8243; readmore_text=&#8221;Lire la suite&#8221; show_all_button=&#8221;yes&#8221; button_text=&#8221;Communiqu\u00e9s de presse&#8221; custom_link=&#8221;url:%2FNouvelles%2F|title:Nouvelles||&#8221;][\/vc_column][\/vc_row][vc_row disable_element=&#8221;yes&#8221; css=&#8221;.vc_custom_1485550755289{padding-top: 120px !important;}&#8221;][vc_column width=&#8221;1\/2&#8243; offset=&#8221;vc_col-md-4&#8243; css=&#8221;.vc_custom_1452808087584{margin-bottom: 50px !important;}&#8221;][tt_post_category category_id=&#8221;2&#8243; post_limit=&#8221;3&#8243;][\/vc_column][vc_column width=&#8221;1\/2&#8243; offset=&#8221;vc_col-md-4&#8243; css=&#8221;.vc_custom_1452808105488{margin-bottom: 50px !important;}&#8221;][tt_post_category category_id=&#8221;5&#8243; post_limit=&#8221;3&#8243;][\/vc_column][vc_column offset=&#8221;vc_col-md-4&#8243;][vc_custom_heading text=&#8221;Tweets by the spokesman&#8221; font_container=&#8221;tag:h2|font_size:22|text_align:left&#8221; use_theme_fonts=&#8221;yes&#8221; css=&#8221;.vc_custom_1453830349002{margin-bottom: 30px !important;}&#8221;][tt_twitter_feed_spokesman twitter_user=&#8221;trendy_theme&#8221; twitter_id=&#8221;613424231099953152&#8243; twitter_number=&#8221;2&#8243;][\/vc_column][\/vc_row][vc_row disable_element=&#8221;yes&#8221; css=&#8221;.vc_custom_1485389069782{margin-bottom: 0px !important;padding-bottom: 110px !important;}&#8221;][vc_column][tt_client_carousel on_click_action=&#8221;custom_link&#8221; images=&#8221;163,164,165,166,167,168&#8243; links=&#8221;#,#,#,#,#,#&#8221; css=&#8221;.vc_custom_1455703402093{margin-bottom: 0px !important;padding-top: 100px !important;}&#8221;][\/vc_column][\/vc_row][vc_row parallax=&#8221;content-moving&#8221; parallax_image=&#8221;4083&#8243; overlay_color=&#8221;yes&#8221; full_width=&#8221;stretch_row&#8221; css=&#8221;.vc_custom_1495112578936{margin-bottom: 0px !important;padding-top: 100px !important;padding-bottom: 100px !important;}&#8221; el_class=&#8221;newsletter-section&#8221;][vc_column][tt_section_title title_alignment=&#8221;text-center&#8221; title_color_option=&#8221;custom-color&#8221; description_color_option=&#8221;custom-color&#8221; section_separator=&#8221;no&#8221; title=&#8221;Recevez des mises \u00e0 jour via Newsletter&#8221; title_color=&#8221;#ffffff&#8221; description_color=&#8221;#ffffff&#8221; css=&#8221;.vc_custom_1485551777872{margin-bottom: 45px !important;}&#8221;]Inscrivez-vous pour \u00eatre le premier \u00e0 entendre nos nouvelles[\/tt_section_title][tt_newsletter][\/vc_column][\/vc_row]<\/p>\n<p><\/p>","protected":false},"excerpt":{"rendered":"<p>[vc_row][vc_column][rev_slider_vc alias=&#8221;home-slide&#8221;][\/vc_column][\/vc_row][vc_row css=&#8221;.vc_custom_1485386609483{margin-bottom: 0px !important;padding-top: 140px !important;padding-bottom: 60px !important;background-color: #f7f7f7 !important;}&#8221;][vc_column width=&#8221;1\/4&#8243;][tt_spotlight_block show_button=&#8221;yes&#8221; button_text=&#8221;La suite&#8221; image=&#8221;4068&#8243; title=&#8221;Enfance&#8221; custom_link=&#8221;url:%2Fenfance%2F|title:Enfance||&#8221; subtitle=&#8221;L\u2019enfance de Benhamouda&#8221;]Abdelhak a pris le relais avec sa m\u00e8re pour subvenir aux besoins de la famille.[\/tt_spotlight_block][\/vc_column][vc_column width=&#8221;1\/4&#8243;][tt_spotlight_block show_button=&#8221;yes&#8221; button_text=&#8221;La suite&#8221; image=&#8221;4079&#8243; title=&#8221;1966-1990&#8243; custom_link=&#8221;url:%2Fengagement-syndical%2F|title:engagement%20syndical||&#8221; subtitle=&#8221;Son engagement syndical&#8221;]C\u2019est \u00e0 Zeghaia que Benhamouda lan\u00e7a sa 1\u00e8re gr\u00e8ve contestatrice et [&hellip;]<\/p>\n","protected":false},"author":1,"featured_media":0,"parent":0,"menu_order":0,"comment_status":"closed","ping_status":"closed","template":"page-templates\/template-home.php","meta":{"footnotes":""},"class_list":["post-2320","page","type-page","status-publish","hentry"],"_links":{"self":[{"href":"https:\/\/benhamouda.com\/en\/wp-json\/wp\/v2\/pages\/2320","targetHints":{"allow":["GET"]}}],"collection":[{"href":"https:\/\/benhamouda.com\/en\/wp-json\/wp\/v2\/pages"}],"about":[{"href":"https:\/\/benhamouda.com\/en\/wp-json\/wp\/v2\/types\/page"}],"author":[{"embeddable":true,"href":"https:\/\/benhamouda.com\/en\/wp-json\/wp\/v2\/users\/1"}],"replies":[{"embeddable":true,"href":"https:\/\/benhamouda.com\/en\/wp-json\/wp\/v2\/comments?post=2320"}],"version-history":[{"count":40,"href":"https:\/\/benhamouda.com\/en\/wp-json\/wp\/v2\/pages\/2320\/revisions"}],"predecessor-version":[{"id":4084,"href":"https:\/\/benhamouda.com\/en\/wp-json\/wp\/v2\/pages\/2320\/revisions\/4084"}],"wp:attachment":[{"href":"https:\/\/benhamouda.com\/en\/wp-json\/wp\/v2\/media?parent=2320"}],"curies":[{"name":"wp","href":"https:\/\/api.w.org\/{rel}","templated":true}]}}