{"id":3654,"date":"2017-01-27T21:13:24","date_gmt":"2017-01-27T20:13:24","guid":{"rendered":"https:\/\/benhamouda.com\/?page_id=3654"},"modified":"2018-06-15T10:37:19","modified_gmt":"2018-06-15T09:37:19","slug":"son-assassinat","status":"publish","type":"page","link":"https:\/\/benhamouda.com\/en\/son-assassinat\/","title":{"rendered":"His Assassination"},"content":{"rendered":"<p>[vc_row css=&#8221;.vc_custom_1453230057079{margin-bottom: 90px !important;padding-top: 5px !important;}&#8221;][vc_column][vc_row_inner][vc_column_inner el_class=&#8221;Son assassinat et son r\u00eave politique&#8221; width=&#8221;1\/2&#8243;][vc_custom_heading text=&#8221;Son assassinat et son r\u00eave politique&#8221; font_container=&#8221;tag:h2|font_size:22|text_align:left|line_height:24px&#8221; use_theme_fonts=&#8221;yes&#8221;][\/vc_column_inner][vc_column_inner width=&#8221;1\/2&#8243;][vc_btn title=&#8221;Download PDF&#8221; style=&#8221;outline-custom&#8221; outline_custom_color=&#8221;#ef4836&#8243; outline_custom_hover_background=&#8221;#ef4836&#8243; outline_custom_hover_text=&#8221;#ffffff&#8221; shape=&#8221;square&#8221; size=&#8221;xs&#8221; align=&#8221;right&#8221; link=&#8221;url:http%3A%2F%2Ftrendytheme.net%2Fdemo%2Fwp%2Fnominee%2Fwp-content%2Fuploads%2F2015%2F12%2Fblank.pdf|title:Download%20PDF|&#8221; el_class=&#8221;pdf-download-btn&#8221;][\/vc_column_inner][\/vc_row_inner][vc_separator color=&#8221;custom&#8221; accent_color=&#8221;#e9e8e8&#8243; css=&#8221;.vc_custom_1450385984357{margin-bottom: 55px !important;}&#8221;][vc_tta_tour shape=&#8221;square&#8221; color=&#8221;white&#8221; spacing=&#8221;5&#8243; controls_size=&#8221;md&#8221; active_section=&#8221;1&#8243; no_fill_content_area=&#8221;true&#8221;][vc_tta_section title=&#8221;Introduction&#8221; tab_id=&#8221;1450383761198-3827fb5f-0c443f91-c3eb&#8221;][vc_single_image image=&#8221;3895&#8243; img_size=&#8221;medium&#8221;][vc_column_text]An excerpt from the article\u00a0<span class=\"story_author\">Ahmed Fattani, the founder of Daily Expression, published\u00a0<\/span><span class=\"story_date\">Thursday, January 26, 2017. The full article can be read\u00a0<a href=\"http:\/\/www.lexpressiondz.com\/actualite\/259121-le-dernier-coup-de-hache.html\">right here<\/a>.\u00a0<\/span><\/p>\n<blockquote><p>&nbsp;<\/p>\n<p><span style=\"color: #ff0000;\">\u00a0<span style=\"color: #000000;\">Twenty years after his assassination, one is tempted to say that this great unionist left a desert behind him, difficult to fill.\u00a0<\/span><span style=\"color: #000000;\">Benhamouda was a visionary, a leader, and a warrior at a time. On all these records, he intervened brilliantly. And a lot of convictions. He had Algeria in his heart.\u00a0<\/span><span style=\"color: #000000;\">He was the trade unionist who came to draw a deep furrow in the history of the Algerian labor movement and to sow the seeds of a new emancipation for the thousands of Algerian workers whose heads still resounded with the slogans of combat of the time of A\u00efssat Idir .<br \/>\n<\/span><br \/>\n<span style=\"color: #000000;\">In the Maghreb today alone, and through its post-war generations, the elites willingly associate its name with the one who created the Ugta, A\u00efssat Idir or Ferhat Hached, Tunisian union leader assassinated by the Main red at the time when Bourguiba was fighting to wrest independence from his country. Benhamouda was of their calibre.<\/span><\/span><\/p>\n<p><span style=\"color: #ff0000;\"><span style=\"color: #000000;\">They are still of this world, these trade unionists, his fellow soldiers, who remember well his avant-garde positions, his mobilizing speeches marked by his stentor&#8217;s voice, an engine of this formidable symbiosis between the speaker and his people.<\/span><\/span><\/p>\n<p><span style=\"color: #ff0000;\"><span style=\"color: #000000;\">His assassination looks strangely like an execution. But now, twenty years after the tragedy, he remains on the shelves of the history of Algeria, like an assassination in black ink. Twenty years later, the elite of this country has the right and the duty to work to shed light on the true conditions of his assassination at a time when the Republic was about to be planted by the same gravediggers who dug the tomb of Abdelhak Benhamouda.<\/span><\/span><\/p><\/blockquote>\n<p>[\/vc_column_text][\/vc_tta_section][vc_tta_section title=&#8221;Son r\u00eave politique&#8221; tab_id=&#8221;1450696456256-36891f0d-f4973f91-c3eb&#8221;][vc_column_text]<\/p>\n<h2><span style=\"color: #ff0000;\">Le Rassemblement National D\u00e9mocratique<\/span><\/h2>\n<p>&nbsp;<\/p>\n<p><strong>Lorsque \u00ab\u00a0l\u2019intendance\u00a0\u00bb ne suit pas, les potentialit\u00e9s saines du pays recherchent le cadre le plus appropri\u00e9 pour la prise en charge de leurs pr\u00e9occupations et la r\u00e9alisation de leurs attentes, dixit A.Benhamouda sur l\u2019\u00e9ditorial de R\u00e9volution et Travail, hebdomadaire voix de l\u2019UGTA, du 10 d\u00e9cembre 1996. (<\/strong><strong>EditoRT101296<\/strong><strong>).<\/strong><\/p>\n<p>&nbsp;<\/p>\n<p>Le lib\u00e9ralisme politique institu\u00e9 par la constitution de 1989 et son application ont montr\u00e9 toutes le d\u00e9rives auxquelles ce lib\u00e9ralisme sauvage a men\u00e9 le pays, l\u2019instrumentalisation de la religion, du r\u00e9gionalisme \u00e0 des fins politiques comme pratiqu\u00e9 par \u00ab\u00a0ces associations \u00e0 caract\u00e8re politique\u00a0fantoches\u00a0\u00bb ont port\u00e9 des coups mortels \u00e0 la soci\u00e9t\u00e9 et ont men\u00e9 le pays au bord de l\u2019explosion et de l\u2019intervention \u00e9trang\u00e8re.<\/p>\n<p>Fin 1996, le monde du travail connait une d\u00e9gradation de la situation jamais atteint auparavant, les attentes sociales des travailleurs et de la soci\u00e9t\u00e9 sont exacerb\u00e9es et grandissantes face \u00e0 un gouvernement r\u00e9calcitrant et ferm\u00e9 \u00e0 toute concession ou am\u00e9lioration des salaires.<\/p>\n<p>Pour A.Benhamouda, dans toute soci\u00e9t\u00e9 un pouvoir fort et omnipr\u00e9sent avec un contrepouvoir faible ou inexistant, c\u2019est la porte ouverte \u00e0 l\u2019autoritarisme, l\u2019injustice et la dictature.<\/p>\n<p>Apr\u00e8s plus de 6 ans \u00e0 la t\u00eate de l&#8217;UGTA, 30 ans de combat syndical, les \u00e9v\u00e8nements tragiques que traversait le pays ayant contribu\u00e9 \u00e0 faire murir sa r\u00e9flexion, \u00e0 le conforter dans ses convictions et \u00e0 cristalliser ses d\u00e9sirs profonds d\u2019une \u00e9mancipation d\u00e9mocratique, intellectuelle, politique, \u00e9conomique et sociale pour l\u2019Alg\u00e9rie autour d\u2019un projet politique, A.Benhamouda d\u00e9cida de se jeter dans l\u2019ar\u00e8ne politique et de cr\u00e9er le parti qui sera le contrepouvoir puissant et actif.<\/p>\n<p>Ant\u00e9rieurement \u00e0 cette d\u00e9cision et dans un entretien accord\u00e9 au Soir d\u2019Alg\u00e9rie du 25 Septembre 1996 (lesoir250996), A.Benhamouda aborda l\u2019id\u00e9e de cr\u00e9ation d\u2019un parti politique\u00a0: \u00ab\u00a0id\u00e9e ancienne au sein de la base de l\u2019UGTA, tout en confirmant que l\u2019initiative \u00e9tait en phase de murissement et rien n\u2019\u00e9tait encore tranch\u00e9, parce que l\u2019id\u00e9e fait l\u2019objet de d\u00e9bats au sein de l\u2019organisation afin de clarifier les liens qui puissent exister entre l\u2019organisation et l\u2019\u00e9ventuel parti \u00e0 fonder\u00a0\u00bb<\/p>\n<p>Fid\u00e8le \u00e0 son style, il continue de laisser planer le doute sur la cr\u00e9ation d\u2019un parti politique mais confirme la volont\u00e9 de l\u2019UGTA d\u2019avoir des si\u00e8ges au sein de la prochaine assembl\u00e9e et de ne plus faire de l\u2019\u00e9quilibrisme. Les colonnes du journal Libert\u00e9 du 06 novembre 1996, confirment ses intentions de porter les revendications des travailleurs au sein de la future APN. (Libert\u00e9061196)<\/p>\n<p>Les rumeurs vont bon train sur la cr\u00e9ation d\u2019un nouveau mouvement politique avec \u00e0 sa t\u00eate A.Benhamouda. Chacun va de sa propre analyse sur le contenu du projet politique, l\u2019assise militante du parti, son positionnement vis-\u00e0-vis du pouvoir et autres calculs politiciens et suppos\u00e9s jeux de pouvoirs en omettant au passage (sciemment ou pas) le parcours de l\u2019homme. Tout d\u2019abord son parcours de militant qui a gravi un a un par la force du travail, de la conviction, du dialogue et de l\u2019obstination tous les \u00e9chelons du mouvement syndical. Sa l\u00e9gitimit\u00e9 aupr\u00e8s des alg\u00e9riens en g\u00e9n\u00e9ral et des travailleurs en particulier qui a \u00e9t\u00e9 b\u00e2tie gr\u00e2ce \u00e0 son franc-parler, son honn\u00eatet\u00e9 et sa droiture.\u00a0 Son engagement \u00e0 l\u2019avant-garde du combat d\u00e9mocratique au moment o\u00f9 l\u2019Alg\u00e9rie avait le plus besoin de ses valeureux enfants. Enfin, son histoire familiale qui l\u2019a vu naitre et grandir au sein d\u2019une famille r\u00e9volutionnaire dans une maison qui a vu passer tant de combattants de la lib\u00e9ration nationale. L`histoire d\u2019un enfant ayant vu son p\u00e8re emprisonn\u00e9 et son fr\u00e8re rejoindre \u00e0 16 ans les maquis de l\u2019ALN \u00e0 l\u2019adulte ayant vu ce m\u00eame fr\u00e8re l\u00e2chement assassin\u00e9. L\u2019histoire d\u2019une vie faite de lutte contre l\u2019injustice et l\u2019in\u00e9galit\u00e9 \u00e0 l\u2019aube de sa carri\u00e8re jusqu\u2019au combat pour la libert\u00e9 et la d\u00e9mocratie \u00e0 son cr\u00e9puscule. Tout cela aurait pu et aurait m\u00eame d\u00fb orienter certains sur la forme et le contenu de ce projet politique\u2026il n\u2019en fut rien.<\/p>\n<p>La situation de d\u00e9stabilisation dont faisait objet l\u2019UGTA est analys\u00e9e dans un entretien de A.Benhamouda \u00e0 l\u2019hebdomadaire R\u00e9volution et Travail dans son num\u00e9ro 140 du 07 janvier 1997, la veille du lancement du parti, et c\u2019est dans cet entretien que A.Benhamouda dessine les contours, les axes directeurs et les grands objectifs qu\u2019il s\u2019appr\u00eatait \u00e0 mettre en \u0153uvre pour l\u2019ann\u00e9e 1997.<\/p>\n<p>La r\u00e9ponse au soubresaut m\u00e9diatique et politique (autour du projet de cr\u00e9ation d\u2019un mouvement politique) c\u2019est Abdelhak Benhamouda qui va l\u2019apporter. \u00c0 travers sa participation \u00e0 l\u2019\u00e9mission \u00ab signature \u00bb d\u00e9but Janvier 1997 mais aussi dans son dernier entretien avec la presse \u00e9crite (en l\u2019occurrence le quotidien l\u2019Authentique du 16 janvier 1997) (AUTHENTIQUE160197), il s\u2019effor\u00e7a d\u2019apporter tous les \u00e9clairages n\u00e9cessaires sur le contexte politique ayant conduit \u00e0 l\u2019id\u00e9e de cr\u00e9ation d\u2019un parti politique, la ligne politique de ce dernier, sa composante et ses objectifs. Tout en prenant le soin de lever toute \u00e9quivoque sur l\u2019\u00e9ventualit\u00e9 de liens qui peuvent exister entre l\u2019appareil de l\u2019UGTA et l\u2019action partisane et en \u00e9liminant la possibilit\u00e9 d\u2019alliance avec d\u2019autres partis politiques.<\/p>\n<p>Le contexte dans lequel l`id\u00e9e de la cr\u00e9ation d\u2019un parti politique est connu de tous. Le pays se trouvait dans une situation tragique sur le plan s\u00e9curitaire, au bord de la faillite sur le plan \u00e9conomique et dans une vacuit\u00e9 inqui\u00e9tante sur le plan politique. Voil\u00e0 comment A.Benhamouda lui-m\u00eame d\u00e9crivait la situation du pays l\u2019ayant pouss\u00e9 \u00e0 cr\u00e9er ce parti \u00ab C`est l\u2019\u00e9volution inqui\u00e9tante des \u00e9v\u00e8nements dans tous les domaines qui a rendu incontournable l\u2019id\u00e9e de cr\u00e9ation de ce parti. C`est donc une r\u00e9ponse politique m\u00fbrement r\u00e9fl\u00e9chie \u00e0 une situation devenue intenable de blocage, de paralysie, de g\u00e2chis \u00e9norme et de gaspillage incroyable de temps, d\u2019\u00e9nergie et de moyens dans des futilit\u00e9s alors que l`Alg\u00e9rie se d\u00e9battait dans des probl\u00e8mes et des crises qui ont tourn\u00e9 finalement au drame et \u00e0 la trag\u00e9die \u00bb. Au-del\u00e0 du contexte politique dans lequel se trouvait le pays (qui n\u2019a \u00e9t\u00e9 que le d\u00e9clencheur d\u2019un d\u00e9sir profond de grandeur pour l\u2019Alg\u00e9rie), ce parti est surtout le fruit d\u2019une vie de luttes, de sacrifices et d`engagement alli\u00e9s \u00e0 la maturation d\u2019une longue r\u00e9flexion et d\u2019une exp\u00e9rience.<\/p>\n<p>\u00ab\u00a0L\u2019initiative de A.Benhamouda est une possibilit\u00e9 de r\u00e9veil politique et de rassemblement national et nationaliste pour une majorit\u00e9 d\u2019Alg\u00e9riens ne se reconnaissant dans aucune formation politique, les partis n\u2019arrivant pas \u00e0 se r\u00e9g\u00e9n\u00e9rer, scl\u00e9ros\u00e9s dans un conservatisme qui a atteint ses limites.\u00a0\u00bb<\/p>\n<p>Tel que paru sur les colonnes du journal l\u2019Authentique du 16 janvier 1997 A.Benhamouda voulait un parti id\u00e9ologiquement patriotique et r\u00e9publicain, \u00e9conomiquement efficace, socialement \u00e9quitable et profond\u00e9ment attach\u00e9 aux valeurs spirituelles, \u00e0 l\u2019histoire, aux coutumes et traditions de la soci\u00e9t\u00e9 Alg\u00e9rienne. Il voulait un mouvement populaire qui soit centriste et rassembleur tr\u00e8s attach\u00e9 aux valeurs de la d\u00e9mocratie, aux libert\u00e9s individuelles et collectives, d\u2019expression, d\u2019opinion, d\u2019association, de circulation, les libert\u00e9s d\u2019entreprendre, d\u2019innover et de cr\u00e9er dans le cadre d\u2019un \u00e9tat de droit au fonctionnement juste et transparent.<\/p>\n<p>Le projet politique voulu par A.Benhamouda \u00e9tait construit autour du rassemblement des travailleurs, des syndicalistes, des paysans, des intellectuelles, des \u00e9tudiants, des jeunes, des cadres honn\u00eates et comp\u00e9tents. En d\u00e9finitive de toutes les cat\u00e9gories de la soci\u00e9t\u00e9 alg\u00e9rienne avec comme seul d\u00e9nominateur commun leur patriotisme et leur probit\u00e9.<\/p>\n<p>Selon A.Benhamouda, \u00ab\u00a0ce mouvement prendra en charge les besoins, les attentes et les exigences l\u00e9gitimes de l\u2019\u00e9crasante majorit\u00e9 du peuple, par-del\u00e0 les contradictions qui existent entre telle ou telle cat\u00e9gorie sociale\u2026cette majorit\u00e9 aspire \u00e0 la justice, au bien-\u00eatre. Les gens veulent un logement, un emploi, des soins et l\u2019\u00e9ducation pour leurs enfants\u00a0\u00bb.<\/p>\n<p>\u00ab\u00a0Le courage de sortir du conservatisme syndical pour tenter l\u2019aventure\u00a0\u00bb (CF Alg\u00e9rie Actualit\u00e9s) et la d\u00e9cision de lancer le Rassemblement National D\u00e9mocratique ont cout\u00e9 la vie a A.Benhamouda.<\/p>\n<p>La d\u00e9claration de cr\u00e9ation du Rassemblement National D\u00e9mocratique r\u00e9dig\u00e9e par A.Benhamouda ainsi que les statuts du parti peuvent \u00eatre consult\u00e9s sur ce lien.[\/vc_column_text][\/vc_tta_section][vc_tta_section title=&#8221;Son assassinat&#8221; tab_id=&#8221;1450383761298-aa9eb760-3a303f91-c3eb&#8221;][vc_column_text]<\/p>\n<h3><span style=\"color: #ff0000;\">A.Benhamouda g\u00eanait\u00a0:<\/span><\/h3>\n<h2><\/h2>\n<p>Depuis son accession \u00e0 la t\u00eate de l\u2019UGTA, il n\u2019a m\u00e9nag\u00e9 aucun gouvernement, aucun chef d\u2019\u00e9tat. Tous passeront dans son collimateur.<\/p>\n<p>A.Benhamouda d\u00e9rangeait l\u2019int\u00e9grisme sous toutes ses formes, sa cr\u00e9ation du CNSA ne lui sera jamais pardonn\u00e9.<\/p>\n<p>Sa d\u00e9marche et son opposition \u00e0 la plateforme de Saint Egidio lui valut d\u2019\u00eatre tax\u00e9 d\u2019\u00e9radicateur, il sera accus\u00e9 de refuser le dialogue et de mettre le feu aux poudres.<\/p>\n<p>\u00ab\u00a0Son refus de participer \u00e0 la d\u00e9marche de la famille r\u00e9volutionnaire n\u2019a pas d\u00fb rendre fous de joie certains responsables de ladite famille ni certaines sph\u00e8res encore plus favorables \u00e0 une politique plus ouvertement pro islamiste\u00a0\u00bb Quotidien le Matin du 29\/01\/1997.<\/p>\n<p>Il a d\u00fb faire face \u00e0 plusieurs vell\u00e9it\u00e9s d\u2019opposition \u00e0 sa d\u00e9marche, au sein m\u00eame du syndicat.<\/p>\n<p>\u00ab\u00a0En affirmant sa volont\u00e9 de cr\u00e9er un parti politique r\u00e9publicain d\u00e9mocratique et patriotique, Benhamouda a fait cristalliser la sourde opposition des clans r\u00e9conciliateurs et souder leurs rangs. \u00bb Quotidien le Matin du 29\/01\/1997.<\/p>\n<p>Cons\u00e9quences, une lev\u00e9e de boucliers m\u00e9diatique s\u2019abattit sur son projet.<\/p>\n<p>Les d\u00e9clarations se suivaient jusqu\u2019au Mardi 28 Janvier 1997, en ce dix-neuvi\u00e8me jour du mois sacr\u00e9 de Ramadhan, A.Benhamouda sortait du si\u00e8ge de l\u2019UGTA pour se diriger au si\u00e8ge de la Pr\u00e9sidence de la R\u00e9publique. L\u2019absence du chauffeur \u00e0 cet instant donna l\u2019opportunit\u00e9 aux assassins embusqu\u00e9s sur le parvis de la centrale syndicale de l\u2019approcher et de vider les chargeurs de leurs armes sur le d\u00e9funt. Atteint de plusieurs balles au bras droit, d\u2019une balle de gros calibre au cou sur la carotide et achev\u00e9 \u00e0 bout portant par d\u2019autres balles en plein c\u0153ur\u00a0; il s\u2019affala sur son c\u00f4t\u00e9 gauche inconscient sous l\u2019\u0153il de tous les syndicalistes pr\u00e9sents et son chauffeur qui venait juste d\u2019arriver.<\/p>\n<p>Aucune s\u00e9curit\u00e9 du b\u00e2timent et de l\u2019esplanade n\u2019\u00e9tait assur\u00e9e. Il ne b\u00e9n\u00e9ficiait d\u2019aucune protection rapproch\u00e9e.<\/p>\n<p>Ce jour-l\u00e0 A.Benhamouda ne reverra plus les siens. Le soir \u00e0 la rupture du je\u00fbne, il ne goutera plus \u00e0 son dessert pr\u00e9f\u00e9r\u00e9 \u2018La Djawzia\u2019 (Nougat aux noix) que son ami de toujours Messaoud Talhi lui avait ramen\u00e9 le matin m\u00eame.<\/p>\n<p>L\u2019annonce de son assassinat se r\u00e9pandit comme une train\u00e9e de poudre et t\u00e9tanisa l\u2019opinion alg\u00e9rienne. Le sentiment de r\u00e9volte qui animait les alg\u00e9riens lors des crimes terroristes fut vite remplac\u00e9 par un \u00e9tat de choc et de consternation. La tristesse et le d\u00e9sarroi gagnaient les travailleurs et la majorit\u00e9 du peuple alg\u00e9rien d\u00e9sempar\u00e9 et gagn\u00e9 par une profonde incompr\u00e9hension.<\/p>\n<p>La condamnation et l\u2019indignation unanimes de ceux qui l\u2019aimaient comme de ceux qui le craignaient prenaient forme dans les diverses r\u00e9actions des syndicats nationaux, des personnalit\u00e9s de la soci\u00e9t\u00e9 civile, des partis politiques, des simples citoyens et de tous les partenaires de l\u2019UGTA\u00a0: que ce soit \u00e0 Paris, \u00e0 Londres, \u00e0 New York, au Moyen Orient ou en Afrique.<\/p>\n<p>Tous rejetaient l\u2019acte ignoble et demandaient que la lumi\u00e8re soit faite sur son assassinat dans tous leurs messages de soutien \u00e0 la famille du d\u00e9funt et du peuple alg\u00e9rien.<\/p>\n<p>Plusieurs jours apr\u00e8s l\u2019assassinat de celui qui repr\u00e9sentait l\u2019ultime espoir pour des jours meilleurs, les alg\u00e9riens pleuraient le patriote, l\u2019incontestable ZAIM de la classe ouvri\u00e8re et du petit peuple. Ils pleuraient l\u2019homme exceptionnel qui allait avec leur soutien.<\/p>\n<p>Aucun organisme ni aucune formation ne s\u2019est port\u00e9 partie civile pour d\u00e9fendre la m\u00e9moire de celui qui donna sa vie pour que vive son peuple.<\/p>\n<p>Assassins et commanditaires ont trouv\u00e9 leur compte, l\u2019Alg\u00e9rie a-t-elle trouv\u00e9 le sien\u00a0?[\/vc_column_text][\/vc_tta_section][vc_tta_section title=&#8221;Condoleances &#8221; tab_id=&#8221;1450697174770-7699e633-fc8a3f91-c3eb&#8221;][vc_column_text]<a href=\"https:\/\/benhamouda.com\/wp-content\/uploads\/2017\/01\/Condoleances-des-syndicats-arabe-condoleances.pdf\">Condoleances des syndicats arabe<\/a><\/p>\n<p><a href=\"https:\/\/benhamouda.com\/wp-content\/uploads\/2017\/01\/Condoleances-de-Mr-Sahbani-Sydincat-Tunisien.pdf\">Condoleances de Mr Sahbani &#8211; Syndicat Tunisien<\/a><\/p>\n<p><a href=\"https:\/\/benhamouda.com\/wp-content\/uploads\/2017\/01\/Condoleances-du-syndicat-Espagnol.pdf\">Condoleances du syndicat Espagnol<\/a><\/p>\n<p><a href=\"https:\/\/benhamouda.com\/wp-content\/uploads\/2017\/01\/Condoleances-du-syndicat-du-Maroc.pdf\">Condoleances du syndicat du Maroc<\/a><\/p>\n<p><a href=\"https:\/\/benhamouda.com\/wp-content\/uploads\/2017\/01\/Condoleances-de-la-CGT-France.pdf\">Condoleances de la CGT France<\/a><\/p>\n<p><a href=\"https:\/\/benhamouda.com\/wp-content\/uploads\/2017\/01\/Condelanes-de-Bill-Jordan-Secretaire-General-de-la-ICFTU-Confederation-of-Free-Trade-Unions-et-dautres-condelances-international-divers.pdf\">Condelanes de Bill Jordan Secretaire General de la ICFTU (Confederation of Free Trade Unions) et d&#8217;autres condelances international divers<\/a><\/p>\n<p><a href=\"https:\/\/benhamouda.com\/wp-content\/uploads\/2017\/01\/Condoleances-Samia-Benabbas.pdf\">Condoleances Samia Benabbas<\/a>[\/vc_column_text][\/vc_tta_section][\/vc_tta_tour][\/vc_column][\/vc_row][vc_row][vc_column][vc_gallery interval=&#8221;3&#8243; images=&#8221;3993,3994,3995,3996,3997,3998,3999,4000&#8243; img_size=&#8221;large&#8221; title=&#8221;A.Benhamouda avec les presidents de la Republique &#8220;][\/vc_column][\/vc_row]<\/p>\n<p><\/p>","protected":false},"excerpt":{"rendered":"<p>[vc_row css=&#8221;.vc_custom_1453230057079{margin-bottom: 90px !important;padding-top: 5px !important;}&#8221;][vc_column][vc_row_inner][vc_column_inner el_class=&#8221;Son assassinat et son r\u00eave politique&#8221; width=&#8221;1\/2&#8243;][vc_custom_heading text=&#8221;Son assassinat et son r\u00eave politique&#8221; font_container=&#8221;tag:h2|font_size:22|text_align:left|line_height:24px&#8221; use_theme_fonts=&#8221;yes&#8221;][\/vc_column_inner][vc_column_inner width=&#8221;1\/2&#8243;][vc_btn title=&#8221;Download PDF&#8221; style=&#8221;outline-custom&#8221; outline_custom_color=&#8221;#ef4836&#8243; outline_custom_hover_background=&#8221;#ef4836&#8243; outline_custom_hover_text=&#8221;#ffffff&#8221; shape=&#8221;square&#8221; size=&#8221;xs&#8221; align=&#8221;right&#8221; link=&#8221;url:http%3A%2F%2Ftrendytheme.net%2Fdemo%2Fwp%2Fnominee%2Fwp-content%2Fuploads%2F2015%2F12%2Fblank.pdf|title:Download%20PDF|&#8221; el_class=&#8221;pdf-download-btn&#8221;][\/vc_column_inner][\/vc_row_inner][vc_separator color=&#8221;custom&#8221; accent_color=&#8221;#e9e8e8&#8243; css=&#8221;.vc_custom_1450385984357{margin-bottom: 55px !important;}&#8221;][vc_tta_tour shape=&#8221;square&#8221; color=&#8221;white&#8221; spacing=&#8221;5&#8243; controls_size=&#8221;md&#8221; active_section=&#8221;1&#8243; no_fill_content_area=&#8221;true&#8221;][vc_tta_section title=&#8221;Introduction&#8221; tab_id=&#8221;1450383761198-3827fb5f-0c443f91-c3eb&#8221;][vc_single_image image=&#8221;3895&#8243; img_size=&#8221;medium&#8221;][vc_column_text]An excerpt from the article\u00a0Ahmed Fattani, the founder [&hellip;]<\/p>\n","protected":false},"author":1,"featured_media":0,"parent":0,"menu_order":0,"comment_status":"closed","ping_status":"closed","template":"page-templates\/template-vc.php","meta":{"footnotes":""},"class_list":["post-3654","page","type-page","status-publish","hentry"],"_links":{"self":[{"href":"https:\/\/benhamouda.com\/en\/wp-json\/wp\/v2\/pages\/3654","targetHints":{"allow":["GET"]}}],"collection":[{"href":"https:\/\/benhamouda.com\/en\/wp-json\/wp\/v2\/pages"}],"about":[{"href":"https:\/\/benhamouda.com\/en\/wp-json\/wp\/v2\/types\/page"}],"author":[{"embeddable":true,"href":"https:\/\/benhamouda.com\/en\/wp-json\/wp\/v2\/users\/1"}],"replies":[{"embeddable":true,"href":"https:\/\/benhamouda.com\/en\/wp-json\/wp\/v2\/comments?post=3654"}],"version-history":[{"count":25,"href":"https:\/\/benhamouda.com\/en\/wp-json\/wp\/v2\/pages\/3654\/revisions"}],"predecessor-version":[{"id":4103,"href":"https:\/\/benhamouda.com\/en\/wp-json\/wp\/v2\/pages\/3654\/revisions\/4103"}],"wp:attachment":[{"href":"https:\/\/benhamouda.com\/en\/wp-json\/wp\/v2\/media?parent=3654"}],"curies":[{"name":"wp","href":"https:\/\/api.w.org\/{rel}","templated":true}]}}