{"id":3646,"date":"2017-01-27T20:49:10","date_gmt":"2017-01-27T19:49:10","guid":{"rendered":"https:\/\/benhamouda.com\/?page_id=3646"},"modified":"2018-06-15T10:39:18","modified_gmt":"2018-06-15T09:39:18","slug":"documents","status":"publish","type":"page","link":"https:\/\/benhamouda.com\/fr\/documents\/","title":{"rendered":"T\u00e9moignage"},"content":{"rendered":"<p>[vc_row css=&#8221;.vc_custom_1453230057079{margin-bottom: 90px !important;padding-top: 5px !important;}&#8221;][vc_column][vc_row_inner][vc_column_inner width=&#8221;1\/2&#8243;][vc_custom_heading text=&#8221;T\u00e9moignage&#8221; font_container=&#8221;tag:h2|font_size:22|text_align:left|line_height:24px&#8221; use_theme_fonts=&#8221;yes&#8221;][\/vc_column_inner][vc_column_inner width=&#8221;1\/2&#8243;][vc_btn title=&#8221;Download PDF&#8221; style=&#8221;outline-custom&#8221; outline_custom_color=&#8221;#ef4836&#8243; outline_custom_hover_background=&#8221;#ef4836&#8243; outline_custom_hover_text=&#8221;#ffffff&#8221; shape=&#8221;square&#8221; size=&#8221;xs&#8221; align=&#8221;right&#8221; link=&#8221;url:http%3A%2F%2Ftrendytheme.net%2Fdemo%2Fwp%2Fnominee%2Fwp-content%2Fuploads%2F2015%2F12%2Fblank.pdf|title:Download%20PDF|&#8221; el_class=&#8221;pdf-download-btn&#8221;][\/vc_column_inner][\/vc_row_inner][vc_separator color=&#8221;custom&#8221; accent_color=&#8221;#e9e8e8&#8243; css=&#8221;.vc_custom_1450385984357{margin-bottom: 55px !important;}&#8221;][vc_tta_tour shape=&#8221;square&#8221; color=&#8221;white&#8221; spacing=&#8221;5&#8243; controls_size=&#8221;md&#8221; active_section=&#8221;1&#8243; no_fill_content_area=&#8221;true&#8221;][vc_tta_section title=&#8221;Introduction &#8221; tab_id=&#8221;1450383761198-3827fb5f-0c448f4c-9daf&#8221;][vc_single_image image=&#8221;3964&#8243; img_size=&#8221;full&#8221;][vc_column_text]<span class=\"manifesto-label colored\">\u00a0<\/span><\/p>\n<p>Un extrait de l\u2019article \u00e9crit par le chroniqueur\u00a0Boubakeur Hamidec<span style=\"color: #000000;\">hi<span class=\"story_author\">\u00a0publi\u00e9 <b>Samedi 28 janvier 2017 <\/b>le Soir d&#8217;Algerie<\/span><\/span><span class=\"story_date\"><span style=\"color: #000000;\">.<\/span> L\u2019article complet peut \u00eatre lu <a href=\"http:\/\/www.lesoirdalgerie.com\/articles\/2017\/01\/28\/article.php?sid=208356&amp;cid=8\">ici<\/a>.<\/span><\/p>\n<blockquote><p>Marquer une c\u00e9r\u00e9monie du souvenir d\u2019un exc\u00e8s de solennit\u00e9 cache \u00e0 l\u2019\u00e9vidence un certain malaise semblable \u00e0 de la mauvaise conscience qui veut que l\u2019on s\u2019excuse de n\u2019avoir pas \u00e9t\u00e9 \u00e0 la hauteur de l\u2019h\u00e9ritage laiss\u00e9 par le d\u00e9funt. Mais seront-ils dans ce m\u00eame \u00e9tat d\u2019esprit, fait de g\u00eanes cach\u00e9es, ceux qui parmi les actuels dirigeants de l\u2019UGTA officieront ce 28 janvier au 20e anniversaire de l\u2019assassinat d\u2019Abdelhak Benhamouda ?<\/p><\/blockquote>\n<p>[\/vc_column_text][\/vc_tta_section][vc_tta_section title=&#8221;T\u00e9moignages 1997 &#8211; 2016&#8243; tab_id=&#8221;1486156757713-f49db4fc-3586&#8243;][vc_column_text]<a href=\"https:\/\/benhamouda.com\/wp-content\/uploads\/2017\/01\/T\u00e9moignage-du-CNE-Fran\u00e7ais-1997-.pdf\">T\u00e9moignage du CNE Fran\u00e7ais 1997<\/a><\/p>\n<p><a href=\"https:\/\/benhamouda.com\/wp-content\/uploads\/2017\/01\/T\u00e9mojgnage-du-defunt-Mr-Mentouri-Mohamed-Salah-Ancien-Ministre-et-Ancien-President-du-Conseil-National-Economique-et-Social-CNES.pdf\">T\u00e9mojgnage du defunt Mr Mentouri Mohamed Salah, Ancien Ministre et Ancien President du Conseil National Economique et Social (CNES) 2002<\/a>[\/vc_column_text][\/vc_tta_section][vc_tta_section title=&#8221;T\u00e9moignages 2017&#8243; tab_id=&#8221;1450383761298-aa9eb760-3a308f4c-9daf&#8221;][vc_column_text]<a href=\"https:\/\/benhamouda.com\/wp-content\/uploads\/2017\/01\/T\u00e9moignage-Hamid-Sidi-Said-.pdf\">T\u00e9moignage Hamid Sidi Said<\/a><\/p>\n<p><a href=\"https:\/\/benhamouda.com\/wp-content\/uploads\/2017\/01\/T\u00e9moignage-Bouchemoukha.pdf\">T\u00e9moignage Bouchemoukha<\/a><\/p>\n<p>[\/vc_column_text][\/vc_tta_section][vc_tta_section title=&#8221;Colloque International &#8221; tab_id=&#8221;1450696456256-36891f0d-f4978f4c-9daf&#8221;][vc_column_text]<\/p>\n<h3><span style=\"color: #ff0000;\"><strong>Colloque<\/strong><strong>\u00a0International Abdelhak BENHAMOUDA<\/strong><\/span><\/h3>\n<p>La stature de l\u2019homme, sa sinc\u00e9rit\u00e9 et son d\u00e9vouement, son don de soi et son d\u00e9sint\u00e9ressement dans la d\u00e9fense des droits des travailleurs et de la r\u00e9publique impr\u00e8gneront longtemps ses partenaires et camarades syndicalistes du monde entier. Ces organisations syndicales internationales ont r\u00e9pondu, en masse, pr\u00e9sent pour honorer la m\u00e9moire de A.Benhamouda, lui rendre hommage et d\u00e9noncer le terrorisme et l\u2019int\u00e9grisme lors du colloque organis\u00e9 a Alger quelques mois apr\u00e8s son assassinat, les six et sept d\u00e9cembre 1997.<\/p>\n<blockquote><p>Ils s\u2019engagent \u00e0 soutenir les travailleurs alg\u00e9riens et \u00eatre leur porte-parole sur le plan international aupr\u00e8s de leurs gouvernements respectifs et aupr\u00e8s des instances internationales concern\u00e9es. Aussi, ils n\u2019oublient pas de mentionner le r\u00f4le de A.Benhamouda qui a fait \u00ab de cette organisation (UGTA) ce qu\u2019elle est devenue, une centrale nationale forte, d\u00e9mocratique, pleinement consciente du r\u00f4le qu\u2019elle doit jouer pour assurer \u00e0 chaque travailleur et \u00e0 chaque travailleuse \u2018le pain, la paix et la libert\u00e9\u2019. Ces efforts inlassables pour faire de notre monde un lieu plus s\u00fbr pour chacun et pour chacune, nous inspireront toujours.\u00a0\u00bb<\/p><\/blockquote>\n<p>Il vous est pr\u00e9sent\u00e9 quelques passages d\u2019interventions de certains des participants de ce colloque\u00a0:<\/p>\n<p><span style=\"color: #ff0000;\"><strong>Eddy LAURIJSSEN<\/strong><\/span><\/p>\n<p>Conf\u00e9d\u00e9ration Internationale des Syndicats Libres<\/p>\n<blockquote><p>\u00ab\u00a0<em>Il est \u00e9vident que je pense, ici, en premier lieu, \u00e0 notre cher ami, ancien Secr\u00e9taire G\u00e9n\u00e9ral Abdelhak BENHAMOUDA dont l\u2019assassinat brutal a choque le monde entier, loin au-del\u00e0 des contours de notre mouvement syndical. Abdelhak BENHAMOUDA repr\u00e9sentait pour l\u2019image du syndicaliste exemplaire\u00a0: humaniste, homme de grand c\u0153ur, ami fid\u00e8le d\u00e8s la premi\u00e8re minute mais, aussi, tenace dans ses convictions et n\u00e9gociateur dur et capable, inconditionnellement au service de la cause des travailleurs.<br \/>\n<\/em><em>Sa disparition tragique est une perte pour l\u2019ensemble de notre mouvement et nous le porterons toujours dans nos c\u0153urs.<br \/>\n<\/em><em>Et, Abdelhak n\u2019est pas le seul martyr de l\u2019UGTA auquel la CISL rend hommage avec le plus grand respect\u2026\u00a0<\/em>\u00bb<\/p><\/blockquote>\n<p><span style=\"color: #ff0000;\"><strong>Peter SEIDENECK<\/strong><\/span><\/p>\n<p>Repr\u00e9sentant de la Conf\u00e9d\u00e9ration Europ\u00e9enne des Syndicats<\/p>\n<blockquote><p>\u00ab\u00a0<em>Cela demande un syndicalisme autonome et ind\u00e9pendant, int\u00e8gre et unitaire. L\u2019int\u00e9grit\u00e9, le courage, la modestie, l\u2019ind\u00e9pendance, la d\u00e9termination et l\u2019incorruptibilit\u00e9 ce sont les vertus qui doivent caract\u00e9riser un tel syndicalisme.<br \/>\n<\/em><em>Et, ce sont les vertus qu\u2019incarnait Abdelhak BENHAMOUDA. Et ce sont ces vertus la qui lui ont cout\u00e9 la vie.<br \/>\n<\/em><em>La CES a bien connu Abdelhak BENHAMOUDA. J\u2019ai eu le privil\u00e8ge, l\u2019honneur et le plaisir de l\u2019accompagner, lui et Abdelmadjid SIDI SAID, \u00e0 Strasbourg et \u00e0 Bruxelles, lors de leur prise de contact avec les institutions europ\u00e9ennes. C\u2019\u00e9tait un homme ferme et aimable, convaincu et convaincant, direct. Je vous assure qu\u2019il ne nous a pas fait de cadeaux dans nos entretiens.<br \/>\n<\/em><em>Je rappelle que l\u2019UGTA dans son histoire avait perdu pendant un temps son ind\u00e9pendance. C\u2019est surtout, du au m\u00e9rite de Abdelhak BENHAMOUDA si l\u2019UGTA est aujourd\u2019hui une organisation qui a retrouv\u00e9 son esprit d\u2019ind\u00e9pendance.\u00a0\u00bb<\/em><strong>\u00a0<\/strong><\/p><\/blockquote>\n<p><span style=\"color: #ff0000;\"><strong>Andrew KAILEMBO<\/strong><\/span><\/p>\n<p>L\u2019Organisation R\u00e9gionale Africaine<\/p>\n<blockquote><p>\u00ab\u00a0<em>Ces paroles je l\u2019ai dit avec la franchise du militant, la conviction du syndicaliste et la confiance de l\u2019ami. Je dis cela tout en voulant rapporter, ici, ce que m\u2019a d\u00e9clar\u00e9, mon compagnon de lutte, mon ami, mon fr\u00e8re le martyr Abdelhak BENHAMOUDA. Nous \u00e9tions quelques fr\u00e8res \u00e0 d\u00e9battre comme \u00e0 l\u2019accoutum\u00e9e avec lui sur situation en Alg\u00e9rie, les perspectives de d\u00e9veloppement et la politique de l\u2019Union G\u00e9n\u00e9rale envers cette situation.<br \/>\n<\/em><em>Le martyr r\u00e9pondait \u00e0 nos nombreuses questions avec aisance, confiance en soi et foi en la victoire, fier qu\u2019il \u00e9tait de la solidarit\u00e9 internationale avec l\u2019Union G\u00e9n\u00e9rale des Travailleurs Alg\u00e9riens. Apr\u00e8s plusieurs heures de discussions, Abdelhak BENHAMOUDA, lance la c\u00e9l\u00e8bre expression que beaucoup d\u2019amis alg\u00e9riens aiment aujourd\u2019hui a r\u00e9p\u00e9ter\u00a0: \u2018L\u2019Alg\u00e9rie a peut-\u00eatre perdu dix ann\u00e9es, mais elle a gagn\u00e9 le si\u00e8cle \u00e0 venir\u2019.\u00a0\u00bb<\/em><\/p><\/blockquote>\n<p><span style=\"color: #ff0000;\"><strong>G\u00e9rard LAROSE<\/strong><\/span><\/p>\n<p>Conf\u00e9d\u00e9ration des Syndicats Nationaux du Qu\u00e9bec, Canada<\/p>\n<blockquote><p>\u00ab<em>\u00a0Comme pr\u00e9sident de la CSN du Qu\u00e9bec, j\u2019ai tenu \u00e0 me d\u00e9placer pour rendre hommage \u00e0 Abdelhak BENHAMOUDA qui nous a fait l\u2019honneur de participer \u00e0 notre 56eme congres quelques mois avant son assassinat. De Abdelhak BENHAMOUDA, nous avons compris que l\u2019UGTA est l\u2019\u00e9pine dorsale de la soci\u00e9t\u00e9 civile alg\u00e9rienne. Nous avons su qu\u2019il voulait faire de l\u2019UGTA une puissante force transformatrice de la soci\u00e9t\u00e9 alg\u00e9rienne en cette p\u00e9riode n\u00e9vralgique, sensible et exigeante des diff\u00e9rents passages qu\u2019elle souhaite faire.<br \/>\n<\/em><em>Sa disparition nous a atterr\u00e9s. Elle pose avec acuit\u00e9 la question obs\u00e9dante du terrorisme et des int\u00e9grismes. Elle nous force \u00e0 revoir, r\u00e9viser nos moyens de mettre en place et de maintenir les conditions concr\u00e8tes de l\u2019exercice de la d\u00e9mocratie.\u00a0\u00bb<\/em><\/p><\/blockquote>\n<p><span style=\"color: #ff0000;\"><strong>Fernand DAOUST<\/strong><\/span><\/p>\n<p>Repr\u00e9sentant de la F\u00e9d\u00e9ration des Travailleurs du Qu\u00e9bec<\/p>\n<p>Vice-Pr\u00e9sident aux affaires canadiennes et internationales<\/p>\n<p>Fonds de Solidarit\u00e9 des Travailleurs du Qu\u00e9bec (FTQ)<\/p>\n<blockquote><p><em>\u00ab\u00a0C\u2019est avec empressement que nous r\u00e9pondons \u00e0 l\u2019appel de l\u2019UGTA, cette organisation qui a fait montre d\u2019un courage et d\u2019une d\u00e9termination exceptionnels au cours de ces ann\u00e9es de crise et de trag\u00e9die. Comment ne pas \u00e9voquer, en cet instant ces centaines de milliers de militants et de militantes qui ont pay\u00e9 de leur vie, leur volont\u00e9 de construire un pays libre, juste et d\u00e9mocratique. Notre ami, le camarade Abdelhak BENHAMOUDA, est, bien s\u00fbr, au tout premier rang des personnes admirables qui hantent notre m\u00e9moire. Il nous avait rendu visite, a la FTQ et au Fond de Solidarit\u00e9, au printemps 1996. Tr\u00e8s vite, il \u00e9tait devenu un ami des syndicalistes qu\u00e9b\u00e9cois.<br \/>\n<\/em><em>En lui rendant hommage, le pr\u00e9sident de la FTQ,\u00a0<strong>Cl\u00e9ment GODBOUT<\/strong>, affirmait que \u2018dans une Alg\u00e9rie profond\u00e9ment meurtrie par les massacres perp\u00e9tr\u00e9s par les groupes int\u00e9gristes, il fallait beaucoup de courage pour affirmer haut et fort la n\u00e9cessit\u00e9 de maintenir le cap sur la d\u00e9mocratisation du pays\u2026. Il imposait le respect non seulement par son courage, mais, aussi, par sa vision \u00e9clair\u00e9e de la soci\u00e9t\u00e9 a b\u00e2tir\u2026. Le deuil frappe non seulement le syndicalisme alg\u00e9rien mais, aussi, le Mouvement Syndical Mondial, qui perd en lui l\u2019un de ses meilleurs \u00e9l\u00e9ments. Quant \u00e0 nous, nous perdons un ami que nous admirions et qui nous inspirait\u2019. \u00bb<\/em><\/p><\/blockquote>\n<p><span style=\"color: #ff0000;\"><strong>Mohamed CHARKAOUI<\/strong><\/span><\/p>\n<p>Union G\u00e9n\u00e9rale des Syndicats des Travailleurs d\u2019Egypte<\/p>\n<blockquote><p><em>\u00ab\u00a0C\u2019est, la, une preuve que l\u2019Islam est contre le terrorisme, contre le fanatisme, contre l\u2019assassinat d\u2019innocents\u00a0: hommes, femmes, vieillards, enfants, qu\u2019elle qu\u2019en soit la religion. Je citerai ici les paroles du militant martyr Abdelhak BENHAMOUDA, lorsqu\u2019il s\u2019interrogeait\u00a0: \u2018est-ce que l\u2019Islam appelle au sabotage des usines, privant les travailleurs de leur gagne-pain, est-ce que l\u2019Islam est contre l\u2019enseignement lorsque le terrorisme vise la destruction des \u00e9coles\u00a0?\u2019\u2026. Nous ne devons pas oublier que le martyr Abdelhak BENHAMOUDA avait affirm\u00e9 que le terrorisme en Alg\u00e9rie se situe dans le cadre des rivalit\u00e9s internationales pour le retour au syst\u00e8me des colonies, m\u00eame sous d\u2019autres formes. \u00bb<\/em><\/p><\/blockquote>\n<p><span style=\"color: #ff0000;\"><strong>Jose Antonio GALVEZ<\/strong><\/span><\/p>\n<p>Conf\u00e9d\u00e9ration Syndicale CCOO\/UGTE, Espagne<\/p>\n<blockquote><p><em>\u00ab\u00a0Je voudrais clore mon intervention par la lecture d\u2019une lettre de notre camarade Abdelhak benhamouda TRANSMISE LE 25 JANVIER 1995.<br \/>\n<\/em><em>\u2018 La Centrale Syndicale UGTA, en tant qu\u2019organisation ind\u00e9pendante du pouvoir et des partis, n\u2019a jamais m\u00e9nag\u00e9 ses efforts dans intransigeante mission de d\u00e9fense des int\u00e9r\u00eats mat\u00e9riels et moraux des travailleurs alg\u00e9riens malgr\u00e9 la conjoncture extr\u00eamement grave que traverse le pays et qui rend plus difficile sa mission.<br \/>\n<\/em><em>La recrudescence et la et la multiplication des assassinats de syndicalistes et de travailleurs ont atteint un niveau intol\u00e9rable et insupportable.<br \/>\n<\/em><em>Cette situation exige une solidarit\u00e9 internationale avec les luttes et la r\u00e9sistance des travailleurs alg\u00e9riens. En cons\u00e9quence, nous faisons appel \u00e0 votre esprit de solidarit\u00e9 pour une condamnation des crimes perp\u00e9tr\u00e9s par les groupes arm\u00e9s islamistes, tout comme nous condamnons leur allies et tous ceux qui justifient leurs actes criminels ou leur assurent une couverture politique quelle que soit sa nature.<br \/>\n<\/em><em>Aussi, nous vous demandons d\u2019entamer, sous les formes que vous jugerez les plus appropri\u00e9es, une action internationale entre les gouvernements et les organisations syndicales solidaires du peuple et des travailleurs alg\u00e9riens, une op\u00e9ration de rejet ferme et solennelle, des groupes terroristes\u2019.<br \/>\n<\/em><em>Le message l\u00e9gu\u00e9 par BENHAMOUDA doit susciter l\u2019engagement du mouvement syndical international pour une solidarit\u00e9 avec l\u2019Alg\u00e9rie.\u00a0<\/em><\/p><\/blockquote>\n<p><span style=\"color: #ff0000;\"><strong>Michel CARON<\/strong><\/span><\/p>\n<p>Conf\u00e9d\u00e9ration Fran\u00e7aise D\u00e9mocratique du Travail<\/p>\n<blockquote><p><em>\u00ab\u00a0Par notre pr\u00e9sence, nous entendons, bien s\u00fbr, marquer notre engagement contre le terrorisme et pour les libert\u00e9s. Nous voulons aussi renouveler, devant vous, l\u2019hommage de Nicole NOTAT et de toute la CFDT a notre fr\u00e8re Abdelhak BENHAMOUDA, ici, \u00e0 Alger, en janvier dernier.<br \/>\n<\/em><em>Nous n\u2019oublierons jamais la formidable ovation qu\u2019il avait re\u00e7u \u00e0 notre dernier congr\u00e8s. C\u2019\u00e9tait le salut des militants de la CFDT a un porteur d\u2019espoir et a un combattant de la libert\u00e9 a un syndicaliste de l\u2019honneur et de\u00a0la dignit\u00e9. \u00bb<\/em><strong>\u00a0<\/strong><\/p><\/blockquote>\n<p><span style=\"color: #ff0000;\"><strong>Alphonse VERONESE<\/strong><\/span><\/p>\n<p>Conf\u00e9d\u00e9ration G\u00e9n\u00e9rale du Travail<\/p>\n<blockquote><p><em>\u00ab\u00a0Nous pensons \u00e0 toi, Abdelhak BENHAMOUDA, mon ami et mon fr\u00e8re, qui a su \u00e9clairer et entrainer les travailleurs et le peuple alg\u00e9riens dans la r\u00e9sistance contre l\u2019obscurantisme, le fanatisme et la mont\u00e9e d\u2019une forme de fascisme.<br \/>\n<\/em><em>Nous nous refusons d\u2019exon\u00e9rer l\u2019int\u00e9grisme quelque responsabilit\u00e9 que ce soit. Nous r\u00e9cusons avec la plus grande fermet\u00e9 les campagnes de ceux qui cherchent \u00e0 mettre un signe \u00e9gal entre les diff\u00e9rentes parties.\u00a0\u00bb<\/em><\/p><\/blockquote>\n<p><span style=\"color: #ff0000;\"><strong>Ibrahim HAIDER<\/strong><\/span><\/p>\n<p>Union G\u00e9n\u00e9rale des Travailleurs de Palestine<\/p>\n<blockquote><p><em>\u00ab\u00a0Je suis arriv\u00e9 triste en Alg\u00e9rie car je ne retrouverai pas mon fr\u00e8re et compagnon de route, le martyr Abdelhak BENHAMOUDA.<br \/>\n<\/em><em>C\u2019\u00e9tait un vaillant cavalier, syndicaliste, Alg\u00e9rien, arabe, universel dont nul ne peut bl\u00e2mer sa droiture.<br \/>\n<\/em><em>Il \u00e9tait boumedi\u00e9niste jusqu&#8217;\u00e0 la moelle, d\u00e9mocrate, modeste, constant dans sa d\u00e9fense des droits et des libert\u00e9s syndicales, convaincu de l\u2019ind\u00e9pendance du mouvement syndical arabe des gouvernements arabes.<br \/>\n<\/em><em>La main sale de la trahison s\u2019est allong\u00e9e et l\u2019a assassin\u00e9 en toute bassesse et abjection. Il a affront\u00e9 ces l\u00e2ches avec courage\u00a0; il est mort debout sans se plier. C\u2019est, la,\u00a0la volont\u00e9 et la foi des r\u00e9volutionnaires alg\u00e9riens.<br \/>\n<\/em><em>Je suis devant vous, aujourd\u2019hui, pour exprimer mon estime aux travailleurs alg\u00e9riens car il y\u2019a, en vous, des milliers de Abdelhak BENHAMOUDA. Je me rappelle du jour o\u00f9 j\u2019\u00e9tais avec lui lors d\u2019une tourn\u00e9e de la r\u00e9gion de Laghouat.<br \/>\n<\/em><em>Il disait\u00a0:\u2019 je suis confiant pour l\u2019Union, fille de la glorieuse r\u00e9volution, car il y a en vous des hommes qui ignorent la peur\u2019. Apr\u00e8s cela, je l\u2019ai rencontr\u00e9 au Caire et je lui ai dit\u00a0:<br \/>\n<\/em><em>Abdelhak, je crois que ta vie est en danger. Il me r\u00e9pondit\u00a0:\u2019l\u2019Alg\u00e9rie est tout pour moi, elle m\u00e9rite que je sacrifie ma vie pour elle, c\u2019est la maison qui nous abritera et nous r\u00e9unira tous.\u2019 Il \u00e9tait aussi tranchant qu\u2019un sabre dans sa d\u00e9fense de la Palestine.\u00a0\u00bb<\/em><\/p><\/blockquote>\n<p><span style=\"color: #ff0000;\"><strong>Yvon QUINTIN<\/strong><\/span><\/p>\n<p>Organisation Internationale de l\u2019Energie et des Mines (OIEM)<\/p>\n<blockquote><p><em>\u00ab\u00a0Comme des milliers d\u2019autres de ses fr\u00e8res et s\u0153urs alg\u00e9riens, notre camarade Abdelhak a \u00e9t\u00e9 assassine par les int\u00e9gristes religieux assoiff\u00e9s de pouvoir et de sang qu\u2019ils en perdent toute trace d\u2019humanit\u00e9. Leurs actes sont la n\u00e9gation m\u00eame de l\u2019Islam fondateur du monde arabe et de sa culture musulmane. L\u2019Islam, c\u2019est autre chose que les crimes et le sang\u00a0: l\u2019Islam, c\u2019est le berceau de nos civilisations.<br \/>\n<\/em><em>En supprimant le Secr\u00e9taire G\u00e9n\u00e9ral de l\u2019UGTA, ils ont tent\u00e9 de d\u00e9montrer au peuple alg\u00e9rien que personne n\u2019\u00e9tait hors de port\u00e9e de leur haine et qu\u2019il ne reste d\u2019autre choix que de se plier \u00e0 leurs volont\u00e9s.<br \/>\n<\/em><em>Abdelhak BENHAMOUDA a, depuis le d\u00e9but, rejet\u00e9 ce dictat inf\u00e2me avec, la plus grande vigueur. Il savait faire partager sa conviction que le peuple alg\u00e9rien n\u2019est pas condamne \u00e0 l\u2019islamisme, pas plus qu\u2019il n\u2019est condamn\u00e9 \u00e0 la terrible politique d\u2019aust\u00e9rit\u00e9 men\u00e9e par le pouvoir sur injonction du FMI.\u00a0\u00bb<\/em><\/p><\/blockquote>\n<p>[\/vc_column_text][\/vc_tta_section][\/vc_tta_tour][\/vc_column][\/vc_row]<\/p>\n<p><\/p>","protected":false},"excerpt":{"rendered":"<p>[vc_row css=&#8221;.vc_custom_1453230057079{margin-bottom: 90px !important;padding-top: 5px !important;}&#8221;][vc_column][vc_row_inner][vc_column_inner width=&#8221;1\/2&#8243;][vc_custom_heading text=&#8221;T\u00e9moignage&#8221; font_container=&#8221;tag:h2|font_size:22|text_align:left|line_height:24px&#8221; use_theme_fonts=&#8221;yes&#8221;][\/vc_column_inner][vc_column_inner width=&#8221;1\/2&#8243;][vc_btn title=&#8221;Download PDF&#8221; style=&#8221;outline-custom&#8221; outline_custom_color=&#8221;#ef4836&#8243; outline_custom_hover_background=&#8221;#ef4836&#8243; outline_custom_hover_text=&#8221;#ffffff&#8221; shape=&#8221;square&#8221; size=&#8221;xs&#8221; align=&#8221;right&#8221; link=&#8221;url:http%3A%2F%2Ftrendytheme.net%2Fdemo%2Fwp%2Fnominee%2Fwp-content%2Fuploads%2F2015%2F12%2Fblank.pdf|title:Download%20PDF|&#8221; el_class=&#8221;pdf-download-btn&#8221;][\/vc_column_inner][\/vc_row_inner][vc_separator color=&#8221;custom&#8221; accent_color=&#8221;#e9e8e8&#8243; css=&#8221;.vc_custom_1450385984357{margin-bottom: 55px !important;}&#8221;][vc_tta_tour shape=&#8221;square&#8221; color=&#8221;white&#8221; spacing=&#8221;5&#8243; controls_size=&#8221;md&#8221; active_section=&#8221;1&#8243; no_fill_content_area=&#8221;true&#8221;][vc_tta_section title=&#8221;Introduction &#8221; tab_id=&#8221;1450383761198-3827fb5f-0c448f4c-9daf&#8221;][vc_single_image image=&#8221;3964&#8243; img_size=&#8221;full&#8221;][vc_column_text]\u00a0 Un extrait de l\u2019article \u00e9crit par le chroniqueur\u00a0Boubakeur Hamidechi\u00a0publi\u00e9 Samedi 28 janvier 2017 le Soir d&#8217;Algerie. L\u2019article [&hellip;]<\/p>\n","protected":false},"author":1,"featured_media":0,"parent":0,"menu_order":0,"comment_status":"closed","ping_status":"closed","template":"page-templates\/template-vc.php","meta":{"footnotes":""},"class_list":["post-3646","page","type-page","status-publish","hentry"],"_links":{"self":[{"href":"https:\/\/benhamouda.com\/fr\/wp-json\/wp\/v2\/pages\/3646","targetHints":{"allow":["GET"]}}],"collection":[{"href":"https:\/\/benhamouda.com\/fr\/wp-json\/wp\/v2\/pages"}],"about":[{"href":"https:\/\/benhamouda.com\/fr\/wp-json\/wp\/v2\/types\/page"}],"author":[{"embeddable":true,"href":"https:\/\/benhamouda.com\/fr\/wp-json\/wp\/v2\/users\/1"}],"replies":[{"embeddable":true,"href":"https:\/\/benhamouda.com\/fr\/wp-json\/wp\/v2\/comments?post=3646"}],"version-history":[{"count":8,"href":"https:\/\/benhamouda.com\/fr\/wp-json\/wp\/v2\/pages\/3646\/revisions"}],"predecessor-version":[{"id":3976,"href":"https:\/\/benhamouda.com\/fr\/wp-json\/wp\/v2\/pages\/3646\/revisions\/3976"}],"wp:attachment":[{"href":"https:\/\/benhamouda.com\/fr\/wp-json\/wp\/v2\/media?parent=3646"}],"curies":[{"name":"wp","href":"https:\/\/api.w.org\/{rel}","templated":true}]}}